{"id":98,"date":"2018-07-09T04:30:31","date_gmt":"2018-07-09T07:30:31","guid":{"rendered":"http:\/\/es.estudosbiblicos.org\/embed-link\/"},"modified":"2018-07-09T04:30:31","modified_gmt":"2018-07-09T07:30:31","slug":"mapa-del-sitio","status":"publish","type":"page","link":"https:\/\/estudosbiblicos.org\/es\/mapa-del-sitio\/","title":{"rendered":"Mapa del sitio"},"content":{"rendered":"<p><img loading=\"lazy\" decoding=\"async\" class=\"size-medium wp-image-2369 aligncenter\" src=\"https:\/\/estudobiblico.org\/wp-content\/uploads\/2018\/02\/sitemap-estudos-biblicos-300x134.jpg\" alt=\"\" width=\"300\" height=\"134\" \/><\/p>\n<h2 style=\"text-align: center\"><span style=\"text-decoration: underline\"><strong>Art\u00edculos y estudios del Portal Estudios B\u00edblicos<\/strong><\/span><\/h2>\n<p style=\"text-align: center\">Encuentre todos los art\u00edculos disponibles en su Portal Estudios B\u00edblicos Teol\u00f3gicos Evang\u00e9licos.<\/p>\n<p>\u00a1Descubra su nuevo destino para estudios b\u00edblicos profundos y transformadores! Nuestro sitio ofrece m\u00e1s de 500 art\u00edculos y estudios b\u00edblicos completos que est\u00e1n a su disposici\u00f3n, totalmente gratuitos y libres de cualquier interferencia denominacional.<\/p>\n<p>Si es un predicador en busca de inspiraci\u00f3n para sus sermones, un maestro preparando lecciones impactantes o un principiante en la lectura de la Biblia, aqu\u00ed encontrar\u00e1 recursos organizados por temas para facilitar su aprendizaje y estudio.<\/p>\n<p>Navegue por comentarios b\u00edblicos detallados, explore lecciones b\u00edblicas pr\u00e1cticas y profundice su comprensi\u00f3n de las Escrituras con estudios organizados de forma clara y accesible. Nuestros materiales abarcan una amplia gama de libros b\u00edblicos y temas relevantes, dise\u00f1ados para ayudarle a comprender mejor la Palabra de Dios y a aplicarla en su vida y ministerio.<\/p>\n<p>Ya sea para una meditaci\u00f3n personal o para enriquecer su pr\u00f3ximo serm\u00f3n, encontrar\u00e1 todo lo que necesita en un solo lugar. Venga a explorar, aprender y crecer en la fe con nosotros.<\/p>\n<p>La Palabra de Dios a su alcance, de forma clara, accesible y sin barreras.<\/p>\n<p>&nbsp;<\/p>\n<p><strong>[wp_sitemap_page]<\/strong><\/p>\n","protected":false},"excerpt":{"rendered":"<p>Sitemap para Estudios B\u00edblicos, lecciones b\u00edblicas, comentario b\u00edblico, estudios b\u00edblicos evang\u00e9licos organizados por temas, libros b\u00edblicos y que abordan diversos temas y que pueden ayudar a oradores y predicadores en la composici\u00f3n de sus sermones, y a los principiantes en la lectura de la Biblia.<\/p>\n","protected":false},"author":1,"featured_media":0,"parent":0,"menu_order":0,"comment_status":"closed","ping_status":"closed","template":"","meta":{"footnotes":""},"class_list":["post-98","page","type-page","status-publish","hentry"],"_links":{"self":[{"href":"https:\/\/estudosbiblicos.org\/es\/wp-json\/wp\/v2\/pages\/98","targetHints":{"allow":["GET"]}}],"collection":[{"href":"https:\/\/estudosbiblicos.org\/es\/wp-json\/wp\/v2\/pages"}],"about":[{"href":"https:\/\/estudosbiblicos.org\/es\/wp-json\/wp\/v2\/types\/page"}],"author":[{"embeddable":true,"href":"https:\/\/estudosbiblicos.org\/es\/wp-json\/wp\/v2\/users\/1"}],"replies":[{"embeddable":true,"href":"https:\/\/estudosbiblicos.org\/es\/wp-json\/wp\/v2\/comments?post=98"}],"version-history":[{"count":0,"href":"https:\/\/estudosbiblicos.org\/es\/wp-json\/wp\/v2\/pages\/98\/revisions"}],"wp:attachment":[{"href":"https:\/\/estudosbiblicos.org\/es\/wp-json\/wp\/v2\/media?parent=98"}],"curies":[{"name":"wp","href":"https:\/\/api.w.org\/{rel}","templated":true}]}}